{"id":442,"date":"2023-01-08T02:27:46","date_gmt":"2023-01-08T02:27:46","guid":{"rendered":"https:\/\/juventudeemtransicao.pt\/?page_id=442"},"modified":"2024-06-21T14:09:43","modified_gmt":"2024-06-21T14:09:43","slug":"o-grito-dos-pais","status":"publish","type":"page","link":"https:\/\/juventudeemtransicao.pt\/index.php\/o-grito-dos-pais\/","title":{"rendered":"O Grito dos Pais"},"content":{"rendered":"\t\t<div data-elementor-type=\"wp-page\" data-elementor-id=\"442\" class=\"elementor elementor-442\" data-elementor-post-type=\"page\">\n\t\t\t\t\t\t<section class=\"elementor-section elementor-top-section elementor-element elementor-element-43fb2f27 elementor-section-boxed elementor-section-height-default elementor-section-height-default\" data-id=\"43fb2f27\" data-element_type=\"section\">\n\t\t\t\t\t\t<div class=\"elementor-container elementor-column-gap-default\">\n\t\t\t\t\t<div class=\"elementor-column elementor-col-100 elementor-top-column elementor-element elementor-element-750e540c\" data-id=\"750e540c\" data-element_type=\"column\">\n\t\t\t<div class=\"elementor-widget-wrap elementor-element-populated\">\n\t\t\t\t\t\t<div class=\"elementor-element elementor-element-40f5f33c elementor-widget elementor-widget-heading\" data-id=\"40f5f33c\" data-element_type=\"widget\" data-widget_type=\"heading.default\">\n\t\t\t\t<div class=\"elementor-widget-container\">\n\t\t\t\t\t<h2 class=\"elementor-heading-title elementor-size-default\">Qual o custo emocional de se viver numa mentira?<\/h2>\t\t\t\t<\/div>\n\t\t\t\t<\/div>\n\t\t\t\t<section class=\"elementor-section elementor-inner-section elementor-element elementor-element-50d8a30f elementor-section-boxed elementor-section-height-default elementor-section-height-default\" data-id=\"50d8a30f\" data-element_type=\"section\">\n\t\t\t\t\t\t<div class=\"elementor-container elementor-column-gap-default\">\n\t\t\t\t\t<div class=\"elementor-column elementor-col-50 elementor-inner-column elementor-element elementor-element-74c2e40d\" data-id=\"74c2e40d\" data-element_type=\"column\">\n\t\t\t<div class=\"elementor-widget-wrap elementor-element-populated\">\n\t\t\t\t\t\t<div class=\"elementor-element elementor-element-1bf2210b elementor-widget elementor-widget-image\" data-id=\"1bf2210b\" data-element_type=\"widget\" data-widget_type=\"image.default\">\n\t\t\t\t<div class=\"elementor-widget-container\">\n\t\t\t\t\t\t\t\t\t\t\t\t\t\t\t<img fetchpriority=\"high\" decoding=\"async\" width=\"800\" height=\"479\" src=\"https:\/\/juventudeemtransicao.pt\/wp-content\/uploads\/2024\/06\/juventude-em-transicao-04-1024x613.jpg\" class=\"attachment-large size-large wp-image-2535\" alt=\"\" srcset=\"https:\/\/juventudeemtransicao.pt\/wp-content\/uploads\/2024\/06\/juventude-em-transicao-04-1024x613.jpg 1024w, https:\/\/juventudeemtransicao.pt\/wp-content\/uploads\/2024\/06\/juventude-em-transicao-04-300x179.jpg 300w, https:\/\/juventudeemtransicao.pt\/wp-content\/uploads\/2024\/06\/juventude-em-transicao-04-768x459.jpg 768w, https:\/\/juventudeemtransicao.pt\/wp-content\/uploads\/2024\/06\/juventude-em-transicao-04.jpg 1170w\" sizes=\"(max-width: 800px) 100vw, 800px\" \/>\t\t\t\t\t\t\t\t\t\t\t\t\t\t\t<\/div>\n\t\t\t\t<\/div>\n\t\t\t\t\t<\/div>\n\t\t<\/div>\n\t\t\t\t<div class=\"elementor-column elementor-col-50 elementor-inner-column elementor-element elementor-element-15866abd\" data-id=\"15866abd\" data-element_type=\"column\">\n\t\t\t<div class=\"elementor-widget-wrap elementor-element-populated\">\n\t\t\t\t\t\t<div class=\"elementor-element elementor-element-10dd18fe elementor-widget elementor-widget-text-editor\" data-id=\"10dd18fe\" data-element_type=\"widget\" data-widget_type=\"text-editor.default\">\n\t\t\t\t<div class=\"elementor-widget-container\">\n\t\t\t\t\t\t\t\t\t<p>&#8220;N\u00e3o posso chamar a minha filha pelo nome de nascimento \u2013 o nome que o seu pai e eu lhe demos \u2013 sem que ela revire os olhos ou se zangue.\u00a0Mas como n\u00e3o a chamo pelo nome masculino falso, ent\u00e3o opto por um apelido fofo que us\u00e1vamos quando ela era jovem.\u00a0Mas ela n\u00e3o \u00e9 mais jovem.\u00a0Ela tem 25 anos&#8230;\u00a0Estou cansada de mentir e usar esse apelido fofo, falso&#8230;\u00a0Estou cansada de aceitar que a rejei\u00e7\u00e3o do nome dela de nascimento n\u00e3o tem import\u00e2ncia&#8221;.<!-- notionvc: e2be4792-9302-4d82-aa97-00bb9e5773f8 --><\/p>\t\t\t\t\t\t\t\t<\/div>\n\t\t\t\t<\/div>\n\t\t\t\t<div class=\"elementor-element elementor-element-4a6c9e32 elementor-widget elementor-widget-image\" data-id=\"4a6c9e32\" data-element_type=\"widget\" data-widget_type=\"image.default\">\n\t\t\t\t<div class=\"elementor-widget-container\">\n\t\t\t\t\t\t\t\t\t\t\t\t\t\t\t\t<a href=\"https:\/\/juventudeemtransicao.pt\/index.php\/2024\/06\/21\/qual-o-custo-emocional-de-se-viver-numa-mentira\/\">\n\t\t\t\t\t\t\t<img decoding=\"async\" src=\"https:\/\/juventudeemtransicao.pt\/wp-content\/uploads\/elementor\/thumbs\/17161802251556282332-128-q311trhfu3yqzi20vtsldn44ajwytekxzjo4lxmqyq.png\" title=\"17161802251556282332-128\" alt=\"17161802251556282332-128\" loading=\"lazy\" \/>\t\t\t\t\t\t\t\t<\/a>\n\t\t\t\t\t\t\t\t\t\t\t\t\t\t\t<\/div>\n\t\t\t\t<\/div>\n\t\t\t\t<div class=\"elementor-element elementor-element-692ae550 elementor-widget elementor-widget-text-editor\" data-id=\"692ae550\" data-element_type=\"widget\" data-widget_type=\"text-editor.default\">\n\t\t\t\t<div class=\"elementor-widget-container\">\n\t\t\t\t\t\t\t\t\t<p>IR PARA O ARTIGO<\/p>\t\t\t\t\t\t\t\t<\/div>\n\t\t\t\t<\/div>\n\t\t\t\t\t<\/div>\n\t\t<\/div>\n\t\t\t\t\t<\/div>\n\t\t<\/section>\n\t\t\t\t<div class=\"elementor-element elementor-element-428e0842 elementor-widget-divider--view-line elementor-widget elementor-widget-divider\" data-id=\"428e0842\" data-element_type=\"widget\" data-widget_type=\"divider.default\">\n\t\t\t\t<div class=\"elementor-widget-container\">\n\t\t\t\t\t\t\t<div class=\"elementor-divider\">\n\t\t\t<span class=\"elementor-divider-separator\">\n\t\t\t\t\t\t<\/span>\n\t\t<\/div>\n\t\t\t\t\t\t<\/div>\n\t\t\t\t<\/div>\n\t\t\t\t\t<\/div>\n\t\t<\/div>\n\t\t\t\t\t<\/div>\n\t\t<\/section>\n\t\t\t\t<section class=\"elementor-section elementor-top-section elementor-element elementor-element-d7eaeb2 elementor-section-boxed elementor-section-height-default elementor-section-height-default\" data-id=\"d7eaeb2\" data-element_type=\"section\">\n\t\t\t\t\t\t<div class=\"elementor-container elementor-column-gap-default\">\n\t\t\t\t\t<div class=\"elementor-column elementor-col-100 elementor-top-column elementor-element elementor-element-e2399e7\" data-id=\"e2399e7\" data-element_type=\"column\">\n\t\t\t<div class=\"elementor-widget-wrap elementor-element-populated\">\n\t\t\t\t\t\t<div class=\"elementor-element elementor-element-3de9981 elementor-widget elementor-widget-heading\" data-id=\"3de9981\" data-element_type=\"widget\" data-widget_type=\"heading.default\">\n\t\t\t\t<div class=\"elementor-widget-container\">\n\t\t\t\t\t<h2 class=\"elementor-heading-title elementor-size-default\">Como desprogramar um\/uma adolescente ROGD.<\/h2>\t\t\t\t<\/div>\n\t\t\t\t<\/div>\n\t\t\t\t<section class=\"elementor-section elementor-inner-section elementor-element elementor-element-dc19fe0 elementor-section-boxed elementor-section-height-default elementor-section-height-default\" data-id=\"dc19fe0\" data-element_type=\"section\">\n\t\t\t\t\t\t<div class=\"elementor-container elementor-column-gap-default\">\n\t\t\t\t\t<div class=\"elementor-column elementor-col-50 elementor-inner-column elementor-element elementor-element-78567f3\" data-id=\"78567f3\" data-element_type=\"column\">\n\t\t\t<div class=\"elementor-widget-wrap elementor-element-populated\">\n\t\t\t\t\t\t<div class=\"elementor-element elementor-element-4441a1c elementor-widget elementor-widget-image\" data-id=\"4441a1c\" data-element_type=\"widget\" data-widget_type=\"image.default\">\n\t\t\t\t<div class=\"elementor-widget-container\">\n\t\t\t\t\t\t\t\t\t\t\t\t\t\t\t<img decoding=\"async\" width=\"500\" height=\"334\" src=\"https:\/\/juventudeemtransicao.pt\/wp-content\/uploads\/2024\/03\/Gritodospais02.jpg\" class=\"attachment-large size-large wp-image-1432\" alt=\"Grito dos pais\" srcset=\"https:\/\/juventudeemtransicao.pt\/wp-content\/uploads\/2024\/03\/Gritodospais02.jpg 500w, https:\/\/juventudeemtransicao.pt\/wp-content\/uploads\/2024\/03\/Gritodospais02-300x200.jpg 300w\" sizes=\"(max-width: 500px) 100vw, 500px\" \/>\t\t\t\t\t\t\t\t\t\t\t\t\t\t\t<\/div>\n\t\t\t\t<\/div>\n\t\t\t\t\t<\/div>\n\t\t<\/div>\n\t\t\t\t<div class=\"elementor-column elementor-col-50 elementor-inner-column elementor-element elementor-element-f38f559\" data-id=\"f38f559\" data-element_type=\"column\">\n\t\t\t<div class=\"elementor-widget-wrap elementor-element-populated\">\n\t\t\t\t\t\t<div class=\"elementor-element elementor-element-629d43a elementor-widget elementor-widget-text-editor\" data-id=\"629d43a\" data-element_type=\"widget\" data-widget_type=\"text-editor.default\">\n\t\t\t\t<div class=\"elementor-widget-container\">\n\t\t\t\t\t\t\t\t\t<p>&#8220;Voc\u00ea precisa descobrir que aplicativos o seu filho usa e em seguida bloque\u00e1-los individualmente, deixando apenas o m\u00ednimo necess\u00e1rio para a escola.\u00a0Em seguida, bloqueie centralmente, com controles parentais, todos os aplicativos que voc\u00ea conhece e quaisquer outros que possa imaginar.\u00a0N\u00e3o deixe nenhum aplicativo onde possam ocorrer intera\u00e7\u00f5es ao vivo com estranhos. Coloque bloqueios no acesso \u00e0 Internet no computador da fam\u00edlia, coloque bloqueios por pesquisa de palavras.\u00a0\u00c9 preciso que se torne mais especialista em tecnologia, social media e g\u00e9nero que o seu pr\u00f3prio filho adolescente&#8221;.<\/p>\t\t\t\t\t\t\t\t<\/div>\n\t\t\t\t<\/div>\n\t\t\t\t<div class=\"elementor-element elementor-element-d63ee68 elementor-widget elementor-widget-image\" data-id=\"d63ee68\" data-element_type=\"widget\" data-widget_type=\"image.default\">\n\t\t\t\t<div class=\"elementor-widget-container\">\n\t\t\t\t\t\t\t\t\t\t\t\t\t\t\t\t<a href=\"https:\/\/www.pittparents.com\/p\/how-to-deprogram-a-rogd-teen-parts\" target=\"_blank\">\n\t\t\t\t\t\t\t<img decoding=\"async\" src=\"https:\/\/juventudeemtransicao.pt\/wp-content\/uploads\/elementor\/thumbs\/17161802251556282332-128-q311trhfu3yqzi20vtsldn44ajwytekxzjo4lxmqyq.png\" title=\"17161802251556282332-128\" alt=\"17161802251556282332-128\" loading=\"lazy\" \/>\t\t\t\t\t\t\t\t<\/a>\n\t\t\t\t\t\t\t\t\t\t\t\t\t\t\t<\/div>\n\t\t\t\t<\/div>\n\t\t\t\t<div class=\"elementor-element elementor-element-6febe7b elementor-widget elementor-widget-text-editor\" data-id=\"6febe7b\" data-element_type=\"widget\" data-widget_type=\"text-editor.default\">\n\t\t\t\t<div class=\"elementor-widget-container\">\n\t\t\t\t\t\t\t\t\t<p>IR PARA O ARTIGO<\/p>\t\t\t\t\t\t\t\t<\/div>\n\t\t\t\t<\/div>\n\t\t\t\t\t<\/div>\n\t\t<\/div>\n\t\t\t\t\t<\/div>\n\t\t<\/section>\n\t\t\t\t<div class=\"elementor-element elementor-element-7bf5f38 elementor-widget-divider--view-line elementor-widget elementor-widget-divider\" data-id=\"7bf5f38\" data-element_type=\"widget\" data-widget_type=\"divider.default\">\n\t\t\t\t<div class=\"elementor-widget-container\">\n\t\t\t\t\t\t\t<div class=\"elementor-divider\">\n\t\t\t<span class=\"elementor-divider-separator\">\n\t\t\t\t\t\t<\/span>\n\t\t<\/div>\n\t\t\t\t\t\t<\/div>\n\t\t\t\t<\/div>\n\t\t\t\t\t<\/div>\n\t\t<\/div>\n\t\t\t\t\t<\/div>\n\t\t<\/section>\n\t\t\t\t<section class=\"elementor-section elementor-top-section elementor-element elementor-element-4372396 elementor-section-boxed elementor-section-height-default elementor-section-height-default\" data-id=\"4372396\" data-element_type=\"section\">\n\t\t\t\t\t\t<div class=\"elementor-container elementor-column-gap-default\">\n\t\t\t\t\t<div class=\"elementor-column elementor-col-100 elementor-top-column elementor-element elementor-element-61e2a31\" data-id=\"61e2a31\" data-element_type=\"column\">\n\t\t\t<div class=\"elementor-widget-wrap elementor-element-populated\">\n\t\t\t\t\t\t<div class=\"elementor-element elementor-element-196b3c7 elementor-widget elementor-widget-heading\" data-id=\"196b3c7\" data-element_type=\"widget\" data-widget_type=\"heading.default\">\n\t\t\t\t<div class=\"elementor-widget-container\">\n\t\t\t\t\t<h2 class=\"elementor-heading-title elementor-size-default\">Para o psicoterapeuta da minha filha: VOC\u00ca N\u00c2O TEM RAZ\u00c2O!!!<\/h2>\t\t\t\t<\/div>\n\t\t\t\t<\/div>\n\t\t\t\t<section class=\"elementor-section elementor-inner-section elementor-element elementor-element-f587e11 elementor-section-boxed elementor-section-height-default elementor-section-height-default\" data-id=\"f587e11\" data-element_type=\"section\">\n\t\t\t\t\t\t<div class=\"elementor-container elementor-column-gap-default\">\n\t\t\t\t\t<div class=\"elementor-column elementor-col-50 elementor-inner-column elementor-element elementor-element-04f36bd\" data-id=\"04f36bd\" data-element_type=\"column\">\n\t\t\t<div class=\"elementor-widget-wrap elementor-element-populated\">\n\t\t\t\t\t\t<div class=\"elementor-element elementor-element-3c9c419 elementor-widget elementor-widget-image\" data-id=\"3c9c419\" data-element_type=\"widget\" data-widget_type=\"image.default\">\n\t\t\t\t<div class=\"elementor-widget-container\">\n\t\t\t\t\t\t\t\t\t\t\t\t\t\t\t<img decoding=\"async\" width=\"500\" height=\"334\" src=\"https:\/\/juventudeemtransicao.pt\/wp-content\/uploads\/2024\/03\/Gritodospais01.jpg\" class=\"attachment-large size-large wp-image-1406\" alt=\"Grito dos pais\" srcset=\"https:\/\/juventudeemtransicao.pt\/wp-content\/uploads\/2024\/03\/Gritodospais01.jpg 500w, https:\/\/juventudeemtransicao.pt\/wp-content\/uploads\/2024\/03\/Gritodospais01-300x200.jpg 300w\" sizes=\"(max-width: 500px) 100vw, 500px\" \/>\t\t\t\t\t\t\t\t\t\t\t\t\t\t\t<\/div>\n\t\t\t\t<\/div>\n\t\t\t\t\t<\/div>\n\t\t<\/div>\n\t\t\t\t<div class=\"elementor-column elementor-col-50 elementor-inner-column elementor-element elementor-element-fc09518\" data-id=\"fc09518\" data-element_type=\"column\">\n\t\t\t<div class=\"elementor-widget-wrap elementor-element-populated\">\n\t\t\t\t\t\t<div class=\"elementor-element elementor-element-372757e elementor-widget elementor-widget-text-editor\" data-id=\"372757e\" data-element_type=\"widget\" data-widget_type=\"text-editor.default\">\n\t\t\t\t<div class=\"elementor-widget-container\">\n\t\t\t\t\t\t\t\t\t<p>&#8220;Permitam-me que termine dizendo que as coisas est\u00e3o a mudar em alguns pa\u00edses da Europa e nos EUA, onde um movimento crescente de pais e profissionais de sa\u00fade com \u00e9tica, muitos dos quais progressistas de longa data e apoiantes ativos de pessoas e causas LGBTQ, est\u00e3o a organizar-se e a manifestar a sua indigna\u00e7\u00e3o e rejei\u00e7\u00e3o da ideologia de g\u00e9nero e das pr\u00e1ticas de tratamento prejudiciais aos jovens. Quando as a\u00e7\u00f5es judiciais come\u00e7arem a chegar, isso ser\u00e1 exposto como um dos maiores esc\u00e2ndalos m\u00e9dicos da hist\u00f3ria&#8221;.<\/p>\t\t\t\t\t\t\t\t<\/div>\n\t\t\t\t<\/div>\n\t\t\t\t<div class=\"elementor-element elementor-element-d84bf62 elementor-widget elementor-widget-image\" data-id=\"d84bf62\" data-element_type=\"widget\" data-widget_type=\"image.default\">\n\t\t\t\t<div class=\"elementor-widget-container\">\n\t\t\t\t\t\t\t\t\t\t\t\t\t\t\t\t<a href=\"https:\/\/www.pittparents.com\/p\/to-my-daughters-therapist-you-were\" target=\"_blank\">\n\t\t\t\t\t\t\t<img decoding=\"async\" src=\"https:\/\/juventudeemtransicao.pt\/wp-content\/uploads\/elementor\/thumbs\/17161802251556282332-128-q311trhfu3yqzi20vtsldn44ajwytekxzjo4lxmqyq.png\" title=\"17161802251556282332-128\" alt=\"17161802251556282332-128\" loading=\"lazy\" \/>\t\t\t\t\t\t\t\t<\/a>\n\t\t\t\t\t\t\t\t\t\t\t\t\t\t\t<\/div>\n\t\t\t\t<\/div>\n\t\t\t\t<div class=\"elementor-element elementor-element-ba1088a elementor-widget elementor-widget-text-editor\" data-id=\"ba1088a\" data-element_type=\"widget\" data-widget_type=\"text-editor.default\">\n\t\t\t\t<div class=\"elementor-widget-container\">\n\t\t\t\t\t\t\t\t\t<p>IR PARA O ARTIGO<\/p>\t\t\t\t\t\t\t\t<\/div>\n\t\t\t\t<\/div>\n\t\t\t\t\t<\/div>\n\t\t<\/div>\n\t\t\t\t\t<\/div>\n\t\t<\/section>\n\t\t\t\t<div class=\"elementor-element elementor-element-5128766 elementor-widget-divider--view-line elementor-widget elementor-widget-divider\" data-id=\"5128766\" data-element_type=\"widget\" data-widget_type=\"divider.default\">\n\t\t\t\t<div class=\"elementor-widget-container\">\n\t\t\t\t\t\t\t<div class=\"elementor-divider\">\n\t\t\t<span class=\"elementor-divider-separator\">\n\t\t\t\t\t\t<\/span>\n\t\t<\/div>\n\t\t\t\t\t\t<\/div>\n\t\t\t\t<\/div>\n\t\t\t\t\t<\/div>\n\t\t<\/div>\n\t\t\t\t\t<\/div>\n\t\t<\/section>\n\t\t\t\t<section class=\"elementor-section elementor-top-section elementor-element elementor-element-aa4c619 elementor-section-boxed elementor-section-height-default elementor-section-height-default\" data-id=\"aa4c619\" data-element_type=\"section\">\n\t\t\t\t\t\t<div class=\"elementor-container elementor-column-gap-default\">\n\t\t\t\t\t<div class=\"elementor-column elementor-col-100 elementor-top-column elementor-element elementor-element-edad2c2\" data-id=\"edad2c2\" data-element_type=\"column\">\n\t\t\t<div class=\"elementor-widget-wrap elementor-element-populated\">\n\t\t\t\t\t\t<div class=\"elementor-element elementor-element-7b42447 elementor-widget elementor-widget-heading\" data-id=\"7b42447\" data-element_type=\"widget\" data-widget_type=\"heading.default\">\n\t\t\t\t<div class=\"elementor-widget-container\">\n\t\t\t\t\t<h2 class=\"elementor-heading-title elementor-size-default\">\"Venha da\u00ed 2023: o ano em que a 'mar\u00e9' vai mudar\".<\/h2>\t\t\t\t<\/div>\n\t\t\t\t<\/div>\n\t\t\t\t<section class=\"elementor-section elementor-inner-section elementor-element elementor-element-35721d4 elementor-section-boxed elementor-section-height-default elementor-section-height-default\" data-id=\"35721d4\" data-element_type=\"section\">\n\t\t\t\t\t\t<div class=\"elementor-container elementor-column-gap-default\">\n\t\t\t\t\t<div class=\"elementor-column elementor-col-50 elementor-inner-column elementor-element elementor-element-d287633\" data-id=\"d287633\" data-element_type=\"column\">\n\t\t\t<div class=\"elementor-widget-wrap elementor-element-populated\">\n\t\t\t\t\t\t<div class=\"elementor-element elementor-element-b6046ea elementor-widget elementor-widget-image\" data-id=\"b6046ea\" data-element_type=\"widget\" data-widget_type=\"image.default\">\n\t\t\t\t<div class=\"elementor-widget-container\">\n\t\t\t\t\t\t\t\t\t\t\t\t\t\t\t<img loading=\"lazy\" decoding=\"async\" width=\"500\" height=\"334\" src=\"https:\/\/juventudeemtransicao.pt\/wp-content\/uploads\/2023\/03\/dsn_01.jpg\" class=\"attachment-large size-large wp-image-741\" alt=\"\" srcset=\"https:\/\/juventudeemtransicao.pt\/wp-content\/uploads\/2023\/03\/dsn_01.jpg 500w, https:\/\/juventudeemtransicao.pt\/wp-content\/uploads\/2023\/03\/dsn_01-300x200.jpg 300w\" sizes=\"(max-width: 500px) 100vw, 500px\" \/>\t\t\t\t\t\t\t\t\t\t\t\t\t\t\t<\/div>\n\t\t\t\t<\/div>\n\t\t\t\t\t<\/div>\n\t\t<\/div>\n\t\t\t\t<div class=\"elementor-column elementor-col-50 elementor-inner-column elementor-element elementor-element-a747b18\" data-id=\"a747b18\" data-element_type=\"column\">\n\t\t\t<div class=\"elementor-widget-wrap elementor-element-populated\">\n\t\t\t\t\t\t<div class=\"elementor-element elementor-element-e46ae7e elementor-widget elementor-widget-text-editor\" data-id=\"e46ae7e\" data-element_type=\"widget\" data-widget_type=\"text-editor.default\">\n\t\t\t\t<div class=\"elementor-widget-container\">\n\t\t\t\t\t\t\t\t\t<p>Escrever sobre o cont\u00e1gio social da identidade de g\u00e9nero ou os danos f\u00edsicos e emocionais provocados em jovens que tenham sido v\u00edtimas de apressados e negligentes processos de transi\u00e7\u00e3o, eram um tabu at\u00e9 2019 e at\u00e9 essa altura, apenas\u00a0algumas pe\u00e7as corajosas e solit\u00e1rias viam a luz do dia. Mas lentamente as coisas t\u00eam vindo a mudar.<\/p><p>O ano de 2022 ficou marcado pela publica\u00e7\u00e3o de diversos artigos em reconhecidos \u00f3rg\u00e3os de comunica\u00e7\u00e3o social, dando conta do s\u00fabito aumento de casos de pessoas trans e as consequ\u00eancias da chamada \u2018terapia afirmativa\u2019.<\/p><p>New York Times, LA Times, The Guardian , Reuters ou The Economist s\u00e3o alguns desses \u00f3rg\u00e3os de comunica\u00e7\u00e3o social.<\/p>\t\t\t\t\t\t\t\t<\/div>\n\t\t\t\t<\/div>\n\t\t\t\t<div class=\"elementor-element elementor-element-887da59 elementor-widget elementor-widget-image\" data-id=\"887da59\" data-element_type=\"widget\" data-widget_type=\"image.default\">\n\t\t\t\t<div class=\"elementor-widget-container\">\n\t\t\t\t\t\t\t\t\t\t\t\t\t\t\t\t<a href=\"https:\/\/pitt.substack.com\/p\/bring-on-2023-the-year-the-tide-will\" target=\"_blank\">\n\t\t\t\t\t\t\t<img decoding=\"async\" src=\"https:\/\/juventudeemtransicao.pt\/wp-content\/uploads\/elementor\/thumbs\/17161802251556282332-128-q311trhfu3yqzi20vtsldn44ajwytekxzjo4lxmqyq.png\" title=\"17161802251556282332-128\" alt=\"17161802251556282332-128\" loading=\"lazy\" \/>\t\t\t\t\t\t\t\t<\/a>\n\t\t\t\t\t\t\t\t\t\t\t\t\t\t\t<\/div>\n\t\t\t\t<\/div>\n\t\t\t\t<div class=\"elementor-element elementor-element-bc6af7a elementor-widget elementor-widget-text-editor\" data-id=\"bc6af7a\" data-element_type=\"widget\" data-widget_type=\"text-editor.default\">\n\t\t\t\t<div class=\"elementor-widget-container\">\n\t\t\t\t\t\t\t\t\t<p>IR PARA O ARTIGO<\/p>\t\t\t\t\t\t\t\t<\/div>\n\t\t\t\t<\/div>\n\t\t\t\t\t<\/div>\n\t\t<\/div>\n\t\t\t\t\t<\/div>\n\t\t<\/section>\n\t\t\t\t<div class=\"elementor-element elementor-element-cb5303f elementor-widget-divider--view-line elementor-widget elementor-widget-divider\" data-id=\"cb5303f\" data-element_type=\"widget\" data-widget_type=\"divider.default\">\n\t\t\t\t<div class=\"elementor-widget-container\">\n\t\t\t\t\t\t\t<div class=\"elementor-divider\">\n\t\t\t<span class=\"elementor-divider-separator\">\n\t\t\t\t\t\t<\/span>\n\t\t<\/div>\n\t\t\t\t\t\t<\/div>\n\t\t\t\t<\/div>\n\t\t\t\t\t<\/div>\n\t\t<\/div>\n\t\t\t\t\t<\/div>\n\t\t<\/section>\n\t\t\t\t<\/div>\n\t\t","protected":false},"excerpt":{"rendered":"<p>Qual o custo emocional de se viver numa mentira? &#8220;N\u00e3o posso chamar a minha filha pelo nome de nascimento \u2013 o nome que o seu pai e eu lhe demos \u2013 sem que ela revire os olhos ou se zangue.\u00a0Mas como n\u00e3o a chamo pelo nome masculino falso, ent\u00e3o opto por um apelido fofo que [&hellip;]<\/p>\n","protected":false},"author":1,"featured_media":863,"parent":0,"menu_order":0,"comment_status":"closed","ping_status":"closed","template":"","meta":{"_monsterinsights_skip_tracking":false,"_monsterinsights_sitenote_active":false,"_monsterinsights_sitenote_note":"","_monsterinsights_sitenote_category":0,"_uf_show_specific_survey":0,"_uf_disable_surveys":false,"footnotes":""},"class_list":["post-442","page","type-page","status-publish","has-post-thumbnail","hentry"],"aioseo_notices":[],"_links":{"self":[{"href":"https:\/\/juventudeemtransicao.pt\/index.php\/wp-json\/wp\/v2\/pages\/442","targetHints":{"allow":["GET"]}}],"collection":[{"href":"https:\/\/juventudeemtransicao.pt\/index.php\/wp-json\/wp\/v2\/pages"}],"about":[{"href":"https:\/\/juventudeemtransicao.pt\/index.php\/wp-json\/wp\/v2\/types\/page"}],"author":[{"embeddable":true,"href":"https:\/\/juventudeemtransicao.pt\/index.php\/wp-json\/wp\/v2\/users\/1"}],"replies":[{"embeddable":true,"href":"https:\/\/juventudeemtransicao.pt\/index.php\/wp-json\/wp\/v2\/comments?post=442"}],"version-history":[{"count":49,"href":"https:\/\/juventudeemtransicao.pt\/index.php\/wp-json\/wp\/v2\/pages\/442\/revisions"}],"predecessor-version":[{"id":3522,"href":"https:\/\/juventudeemtransicao.pt\/index.php\/wp-json\/wp\/v2\/pages\/442\/revisions\/3522"}],"wp:featuredmedia":[{"embeddable":true,"href":"https:\/\/juventudeemtransicao.pt\/index.php\/wp-json\/wp\/v2\/media\/863"}],"wp:attachment":[{"href":"https:\/\/juventudeemtransicao.pt\/index.php\/wp-json\/wp\/v2\/media?parent=442"}],"curies":[{"name":"wp","href":"https:\/\/api.w.org\/{rel}","templated":true}]}}