{"id":144,"date":"2022-11-15T01:02:10","date_gmt":"2022-11-15T01:02:10","guid":{"rendered":"https:\/\/juventudeemtransicao.pt\/?page_id=144"},"modified":"2023-03-28T23:29:54","modified_gmt":"2023-03-28T23:29:54","slug":"sabias-que","status":"publish","type":"page","link":"https:\/\/juventudeemtransicao.pt\/index.php\/sabias-que\/","title":{"rendered":"Sabia que&#8230;?"},"content":{"rendered":"\t\t<div data-elementor-type=\"wp-page\" data-elementor-id=\"144\" class=\"elementor elementor-144\" data-elementor-post-type=\"page\">\n\t\t\t\t\t\t<section class=\"elementor-section elementor-top-section elementor-element elementor-element-1d06dea6 elementor-section-boxed elementor-section-height-default elementor-section-height-default\" data-id=\"1d06dea6\" data-element_type=\"section\">\n\t\t\t\t\t\t<div class=\"elementor-container elementor-column-gap-default\">\n\t\t\t\t\t<div class=\"elementor-column elementor-col-100 elementor-top-column elementor-element elementor-element-58691964\" data-id=\"58691964\" data-element_type=\"column\">\n\t\t\t<div class=\"elementor-widget-wrap elementor-element-populated\">\n\t\t\t\t\t\t<section class=\"elementor-section elementor-inner-section elementor-element elementor-element-4e52c13 elementor-section-boxed elementor-section-height-default elementor-section-height-default\" data-id=\"4e52c13\" data-element_type=\"section\">\n\t\t\t\t\t\t<div class=\"elementor-container elementor-column-gap-default\">\n\t\t\t\t\t<div class=\"elementor-column elementor-col-50 elementor-inner-column elementor-element elementor-element-af15d4f\" data-id=\"af15d4f\" data-element_type=\"column\">\n\t\t\t<div class=\"elementor-widget-wrap elementor-element-populated\">\n\t\t\t\t\t\t<div class=\"elementor-element elementor-element-7d18d394 elementor-widget elementor-widget-text-editor\" data-id=\"7d18d394\" data-element_type=\"widget\" data-widget_type=\"text-editor.default\">\n\t\t\t\t<div class=\"elementor-widget-container\">\n\t\t\t\t\t\t\t\t\t<p><span style=\"color: #ff00ff;\"><strong>Sabia que&#8230;<\/strong><\/span><br \/>..<br \/>existe um n\u00famero inusitadamente elevado de pessoas com Transtorno do Espectro do Autismo entre os pacientes erradamente validados no Tavistock, a maior cl\u00ednica de g\u00e9nero da Europa?<\/p>\t\t\t\t\t\t\t\t<\/div>\n\t\t\t\t<\/div>\n\t\t\t\t<div class=\"elementor-element elementor-element-44331a5 elementor-widget elementor-widget-image\" data-id=\"44331a5\" data-element_type=\"widget\" data-widget_type=\"image.default\">\n\t\t\t\t<div class=\"elementor-widget-container\">\n\t\t\t\t\t\t\t\t\t\t\t\t\t\t\t\t<a href=\"https:\/\/pitt.substack.com\/p\/autism-and-gender-dysphoria?utm_source=substack&#038;utm_medium=email\" target=\"_blank\">\n\t\t\t\t\t\t\t<img decoding=\"async\" src=\"https:\/\/juventudeemtransicao.pt\/wp-content\/uploads\/2023\/03\/17161802251556282332-128.png\" title=\"17161802251556282332-128\" alt=\"17161802251556282332-128\" loading=\"lazy\" \/>\t\t\t\t\t\t\t\t<\/a>\n\t\t\t\t\t\t\t\t\t\t\t\t\t\t\t<\/div>\n\t\t\t\t<\/div>\n\t\t\t\t<div class=\"elementor-element elementor-element-3bdb11a5 elementor-widget elementor-widget-text-editor\" data-id=\"3bdb11a5\" data-element_type=\"widget\" data-widget_type=\"text-editor.default\">\n\t\t\t\t<div class=\"elementor-widget-container\">\n\t\t\t\t\t\t\t\t\t<p>IR PARA O ARTIGO<\/p>\t\t\t\t\t\t\t\t<\/div>\n\t\t\t\t<\/div>\n\t\t\t\t\t<\/div>\n\t\t<\/div>\n\t\t\t\t<div class=\"elementor-column elementor-col-50 elementor-inner-column elementor-element elementor-element-4fabf54\" data-id=\"4fabf54\" data-element_type=\"column\">\n\t\t\t<div class=\"elementor-widget-wrap elementor-element-populated\">\n\t\t\t\t\t\t<div class=\"elementor-element elementor-element-550bb18 elementor-widget elementor-widget-text-editor\" data-id=\"550bb18\" data-element_type=\"widget\" data-widget_type=\"text-editor.default\">\n\t\t\t\t<div class=\"elementor-widget-container\">\n\t\t\t\t\t\t\t\t\t<p><span style=\"color: #ff00ff;\"><strong>Sabia que&#8230;<\/strong><\/span><br \/>&#8230;\u00a0<br \/>um estudo sueco apontou para uma taxa de suic\u00eddio 19 vezes mais elevada entre os transg\u00e9neros que passaram por cirurgias de redefini\u00e7\u00e3o de sexo em compara\u00e7\u00e3o com a popula\u00e7\u00e3o em geral?<\/p>\t\t\t\t\t\t\t\t<\/div>\n\t\t\t\t<\/div>\n\t\t\t\t<div class=\"elementor-element elementor-element-b053964 elementor-widget elementor-widget-image\" data-id=\"b053964\" data-element_type=\"widget\" data-widget_type=\"image.default\">\n\t\t\t\t<div class=\"elementor-widget-container\">\n\t\t\t\t\t\t\t\t\t\t\t\t\t\t\t\t<a href=\"https:\/\/www.ncbi.nlm.nih.gov\/pmc\/articles\/PMC3043071\/?utm_source=substack&#038;utm_medium=email\" target=\"_blank\">\n\t\t\t\t\t\t\t<img decoding=\"async\" src=\"https:\/\/juventudeemtransicao.pt\/wp-content\/uploads\/2023\/03\/17161802251556282332-128.png\" title=\"17161802251556282332-128\" alt=\"17161802251556282332-128\" loading=\"lazy\" \/>\t\t\t\t\t\t\t\t<\/a>\n\t\t\t\t\t\t\t\t\t\t\t\t\t\t\t<\/div>\n\t\t\t\t<\/div>\n\t\t\t\t<div class=\"elementor-element elementor-element-bc8824e elementor-widget elementor-widget-text-editor\" data-id=\"bc8824e\" data-element_type=\"widget\" data-widget_type=\"text-editor.default\">\n\t\t\t\t<div class=\"elementor-widget-container\">\n\t\t\t\t\t\t\t\t\t<p>IR PARA O ARTIGO<\/p>\t\t\t\t\t\t\t\t<\/div>\n\t\t\t\t<\/div>\n\t\t\t\t\t<\/div>\n\t\t<\/div>\n\t\t\t\t\t<\/div>\n\t\t<\/section>\n\t\t\t\t<div class=\"elementor-element elementor-element-01cbbcb elementor-widget-divider--view-line elementor-widget elementor-widget-divider\" data-id=\"01cbbcb\" data-element_type=\"widget\" data-widget_type=\"divider.default\">\n\t\t\t\t<div class=\"elementor-widget-container\">\n\t\t\t\t\t\t\t<div class=\"elementor-divider\">\n\t\t\t<span class=\"elementor-divider-separator\">\n\t\t\t\t\t\t<\/span>\n\t\t<\/div>\n\t\t\t\t\t\t<\/div>\n\t\t\t\t<\/div>\n\t\t\t\t\t<\/div>\n\t\t<\/div>\n\t\t\t\t\t<\/div>\n\t\t<\/section>\n\t\t\t\t<section class=\"elementor-section elementor-top-section elementor-element elementor-element-87ef55a elementor-section-boxed elementor-section-height-default elementor-section-height-default\" data-id=\"87ef55a\" data-element_type=\"section\">\n\t\t\t\t\t\t<div class=\"elementor-container elementor-column-gap-default\">\n\t\t\t\t\t<div class=\"elementor-column elementor-col-100 elementor-top-column elementor-element elementor-element-50d7bf1\" data-id=\"50d7bf1\" data-element_type=\"column\">\n\t\t\t<div class=\"elementor-widget-wrap elementor-element-populated\">\n\t\t\t\t\t\t<section class=\"elementor-section elementor-inner-section elementor-element elementor-element-ae89ddc elementor-section-boxed elementor-section-height-default elementor-section-height-default\" data-id=\"ae89ddc\" data-element_type=\"section\">\n\t\t\t\t\t\t<div class=\"elementor-container elementor-column-gap-default\">\n\t\t\t\t\t<div class=\"elementor-column elementor-col-50 elementor-inner-column elementor-element elementor-element-339270a\" data-id=\"339270a\" data-element_type=\"column\">\n\t\t\t<div class=\"elementor-widget-wrap elementor-element-populated\">\n\t\t\t\t\t\t<div class=\"elementor-element elementor-element-a72acdc elementor-widget elementor-widget-text-editor\" data-id=\"a72acdc\" data-element_type=\"widget\" data-widget_type=\"text-editor.default\">\n\t\t\t\t<div class=\"elementor-widget-container\">\n\t\t\t\t\t\t\t\t\t<p><span style=\"color: #ff00ff;\"><strong>Sabia que&#8230;<\/strong><\/span><br \/>&#8230;<br \/>as mulheres transg\u00e9nero (ou seja, nascidas com o sexo masculino) em terapia hormonal com estrog\u00e9nio s\u00e3o duas vezes mais propensas a sofrer um tromboembolismo venoso que homens ou mulheres cisg\u00e9nero? As mulheres trans em terapia hormonal tamb\u00e9m foram 80 a 90% mais propensas a ter um derrame ou ataque card\u00edaco do que as mulheres cisg\u00e9nero.<\/p>\t\t\t\t\t\t\t\t<\/div>\n\t\t\t\t<\/div>\n\t\t\t\t<div class=\"elementor-element elementor-element-1e51c75 elementor-widget elementor-widget-image\" data-id=\"1e51c75\" data-element_type=\"widget\" data-widget_type=\"image.default\">\n\t\t\t\t<div class=\"elementor-widget-container\">\n\t\t\t\t\t\t\t\t\t\t\t\t\t\t\t\t<a href=\"https:\/\/www.nbcnews.com\/health\/health-news\/study-finds-health-risks-transgender-women-hormone-therapy-n890031\" target=\"_blank\">\n\t\t\t\t\t\t\t<img decoding=\"async\" src=\"https:\/\/juventudeemtransicao.pt\/wp-content\/uploads\/2023\/03\/17161802251556282332-128.png\" title=\"17161802251556282332-128\" alt=\"17161802251556282332-128\" loading=\"lazy\" \/>\t\t\t\t\t\t\t\t<\/a>\n\t\t\t\t\t\t\t\t\t\t\t\t\t\t\t<\/div>\n\t\t\t\t<\/div>\n\t\t\t\t<div class=\"elementor-element elementor-element-d339949 elementor-widget elementor-widget-text-editor\" data-id=\"d339949\" data-element_type=\"widget\" data-widget_type=\"text-editor.default\">\n\t\t\t\t<div class=\"elementor-widget-container\">\n\t\t\t\t\t\t\t\t\t<p>IR PARA O ARTIGO<\/p>\t\t\t\t\t\t\t\t<\/div>\n\t\t\t\t<\/div>\n\t\t\t\t\t<\/div>\n\t\t<\/div>\n\t\t\t\t<div class=\"elementor-column elementor-col-50 elementor-inner-column elementor-element elementor-element-5c4d9bf\" data-id=\"5c4d9bf\" data-element_type=\"column\">\n\t\t\t<div class=\"elementor-widget-wrap elementor-element-populated\">\n\t\t\t\t\t\t<div class=\"elementor-element elementor-element-c2c7bf6 elementor-widget elementor-widget-text-editor\" data-id=\"c2c7bf6\" data-element_type=\"widget\" data-widget_type=\"text-editor.default\">\n\t\t\t\t<div class=\"elementor-widget-container\">\n\t\t\t\t\t\t\t\t\t<p><span style=\"color: #ff00ff;\"><strong>Sabia que&#8230;<\/strong><\/span><br \/>&#8230;\u00a0<br \/>a esmagadora maioria dos jovens que tomam bloqueadores hormonais, habitualmente descritivos como um bot\u00e3o de pausa nos sinais da puberdade com efeitos totalmente revers\u00edveis, acabam por prosseguir as terapias hormonais de redefini\u00e7\u00e3o de caracter\u00edsticas sexuais?<\/p>\t\t\t\t\t\t\t\t<\/div>\n\t\t\t\t<\/div>\n\t\t\t\t<div class=\"elementor-element elementor-element-6d9d5a5 elementor-widget elementor-widget-image\" data-id=\"6d9d5a5\" data-element_type=\"widget\" data-widget_type=\"image.default\">\n\t\t\t\t<div class=\"elementor-widget-container\">\n\t\t\t\t\t\t\t\t\t\t\t\t\t\t\t\t<a href=\"https:\/\/www.bbc.com\/news\/uk-55282113\" target=\"_blank\">\n\t\t\t\t\t\t\t<img decoding=\"async\" src=\"https:\/\/juventudeemtransicao.pt\/wp-content\/uploads\/2023\/03\/17161802251556282332-128.png\" title=\"17161802251556282332-128\" alt=\"17161802251556282332-128\" loading=\"lazy\" \/>\t\t\t\t\t\t\t\t<\/a>\n\t\t\t\t\t\t\t\t\t\t\t\t\t\t\t<\/div>\n\t\t\t\t<\/div>\n\t\t\t\t<div class=\"elementor-element elementor-element-decdcd1 elementor-widget elementor-widget-text-editor\" data-id=\"decdcd1\" data-element_type=\"widget\" data-widget_type=\"text-editor.default\">\n\t\t\t\t<div class=\"elementor-widget-container\">\n\t\t\t\t\t\t\t\t\t<p>IR PARA O ARTIGO<\/p>\t\t\t\t\t\t\t\t<\/div>\n\t\t\t\t<\/div>\n\t\t\t\t\t<\/div>\n\t\t<\/div>\n\t\t\t\t\t<\/div>\n\t\t<\/section>\n\t\t\t\t<div class=\"elementor-element elementor-element-6094cc5 elementor-widget-divider--view-line elementor-widget elementor-widget-divider\" data-id=\"6094cc5\" data-element_type=\"widget\" data-widget_type=\"divider.default\">\n\t\t\t\t<div class=\"elementor-widget-container\">\n\t\t\t\t\t\t\t<div class=\"elementor-divider\">\n\t\t\t<span class=\"elementor-divider-separator\">\n\t\t\t\t\t\t<\/span>\n\t\t<\/div>\n\t\t\t\t\t\t<\/div>\n\t\t\t\t<\/div>\n\t\t\t\t\t<\/div>\n\t\t<\/div>\n\t\t\t\t\t<\/div>\n\t\t<\/section>\n\t\t\t\t<section class=\"elementor-section elementor-top-section elementor-element elementor-element-a15b6b0 elementor-section-boxed elementor-section-height-default elementor-section-height-default\" data-id=\"a15b6b0\" data-element_type=\"section\">\n\t\t\t\t\t\t<div class=\"elementor-container elementor-column-gap-default\">\n\t\t\t\t\t<div class=\"elementor-column elementor-col-100 elementor-top-column elementor-element elementor-element-c9c92de\" data-id=\"c9c92de\" data-element_type=\"column\">\n\t\t\t<div class=\"elementor-widget-wrap elementor-element-populated\">\n\t\t\t\t\t\t<section class=\"elementor-section elementor-inner-section elementor-element elementor-element-afe7146 elementor-section-boxed elementor-section-height-default elementor-section-height-default\" data-id=\"afe7146\" data-element_type=\"section\">\n\t\t\t\t\t\t<div class=\"elementor-container elementor-column-gap-default\">\n\t\t\t\t\t<div class=\"elementor-column elementor-col-50 elementor-inner-column elementor-element elementor-element-d2621b7\" data-id=\"d2621b7\" data-element_type=\"column\">\n\t\t\t<div class=\"elementor-widget-wrap elementor-element-populated\">\n\t\t\t\t\t\t<div class=\"elementor-element elementor-element-cc6ec8a elementor-widget elementor-widget-text-editor\" data-id=\"cc6ec8a\" data-element_type=\"widget\" data-widget_type=\"text-editor.default\">\n\t\t\t\t<div class=\"elementor-widget-container\">\n\t\t\t\t\t\t\t\t\t<p><span style=\"color: #ff00ff;\"><strong>Sabia que&#8230;<\/strong><\/span><br \/>&#8230;<br \/>um estudo sueco apurou que existe um risco elevado de suic\u00eddio em ind\u00edviduos que realizaram cirurgias de redefini\u00e7\u00e3o de sexo?<\/p>\t\t\t\t\t\t\t\t<\/div>\n\t\t\t\t<\/div>\n\t\t\t\t<div class=\"elementor-element elementor-element-3c61093 elementor-widget elementor-widget-image\" data-id=\"3c61093\" data-element_type=\"widget\" data-widget_type=\"image.default\">\n\t\t\t\t<div class=\"elementor-widget-container\">\n\t\t\t\t\t\t\t\t\t\t\t\t\t\t\t\t<a href=\"https:\/\/journals.plos.org\/plosone\/article?id=10.1371\/journal.pone.0016885\" target=\"_blank\">\n\t\t\t\t\t\t\t<img decoding=\"async\" src=\"https:\/\/juventudeemtransicao.pt\/wp-content\/uploads\/2023\/03\/17161802251556282332-128.png\" title=\"17161802251556282332-128\" alt=\"17161802251556282332-128\" loading=\"lazy\" \/>\t\t\t\t\t\t\t\t<\/a>\n\t\t\t\t\t\t\t\t\t\t\t\t\t\t\t<\/div>\n\t\t\t\t<\/div>\n\t\t\t\t<div class=\"elementor-element elementor-element-a16cf6b elementor-widget elementor-widget-text-editor\" data-id=\"a16cf6b\" data-element_type=\"widget\" data-widget_type=\"text-editor.default\">\n\t\t\t\t<div class=\"elementor-widget-container\">\n\t\t\t\t\t\t\t\t\t<p>IR PARA O ARTIGO<\/p>\t\t\t\t\t\t\t\t<\/div>\n\t\t\t\t<\/div>\n\t\t\t\t\t<\/div>\n\t\t<\/div>\n\t\t\t\t<div class=\"elementor-column elementor-col-50 elementor-inner-column elementor-element elementor-element-cc59b9b\" data-id=\"cc59b9b\" data-element_type=\"column\">\n\t\t\t<div class=\"elementor-widget-wrap elementor-element-populated\">\n\t\t\t\t\t\t<div class=\"elementor-element elementor-element-72ef5a6 elementor-widget elementor-widget-text-editor\" data-id=\"72ef5a6\" data-element_type=\"widget\" data-widget_type=\"text-editor.default\">\n\t\t\t\t<div class=\"elementor-widget-container\">\n\t\t\t\t\t\t\t\t\t<p><span style=\"color: #ff00ff;\"><strong>Sabia que&#8230;<\/strong><\/span><br \/>&#8230;<br \/>entrar for\u00e7adamente na menopausa (atrav\u00e9s da toma de bloqueadores hormonais) antes dos 40 anos est\u00e1 ligado a um risco 35% maior de desenvolver dem\u00eancia mais tarde?<\/p>\t\t\t\t\t\t\t\t<\/div>\n\t\t\t\t<\/div>\n\t\t\t\t<div class=\"elementor-element elementor-element-c5e2943 elementor-widget elementor-widget-image\" data-id=\"c5e2943\" data-element_type=\"widget\" data-widget_type=\"image.default\">\n\t\t\t\t<div class=\"elementor-widget-container\">\n\t\t\t\t\t\t\t\t\t\t\t\t\t\t\t\t<a href=\"https:\/\/cnnportugal.iol.pt\/geral\/demencia-esta-ligada-a-menopausa-prematura-nas-mulheres-mostra-estudo\/20220306\/6222275b0cf21847f0af0dab\" target=\"_blank\">\n\t\t\t\t\t\t\t<img decoding=\"async\" src=\"https:\/\/juventudeemtransicao.pt\/wp-content\/uploads\/2023\/03\/17161802251556282332-128.png\" title=\"17161802251556282332-128\" alt=\"17161802251556282332-128\" loading=\"lazy\" \/>\t\t\t\t\t\t\t\t<\/a>\n\t\t\t\t\t\t\t\t\t\t\t\t\t\t\t<\/div>\n\t\t\t\t<\/div>\n\t\t\t\t<div class=\"elementor-element elementor-element-7e4497f elementor-widget elementor-widget-text-editor\" data-id=\"7e4497f\" data-element_type=\"widget\" data-widget_type=\"text-editor.default\">\n\t\t\t\t<div class=\"elementor-widget-container\">\n\t\t\t\t\t\t\t\t\t<p>IR PARA O ARTIGO<\/p>\t\t\t\t\t\t\t\t<\/div>\n\t\t\t\t<\/div>\n\t\t\t\t\t<\/div>\n\t\t<\/div>\n\t\t\t\t\t<\/div>\n\t\t<\/section>\n\t\t\t\t\t<\/div>\n\t\t<\/div>\n\t\t\t\t\t<\/div>\n\t\t<\/section>\n\t\t\t\t<\/div>\n\t\t","protected":false},"excerpt":{"rendered":"<p>Sabia que&#8230;..existe um n\u00famero inusitadamente elevado de pessoas com Transtorno do Espectro do Autismo entre os pacientes erradamente validados no Tavistock, a maior cl\u00ednica de g\u00e9nero da Europa? IR PARA O ARTIGO Sabia que&#8230;&#8230;\u00a0um estudo sueco apontou para uma taxa de suic\u00eddio 19 vezes mais elevada entre os transg\u00e9neros que passaram por cirurgias de redefini\u00e7\u00e3o [&hellip;]<\/p>\n","protected":false},"author":1,"featured_media":766,"parent":0,"menu_order":0,"comment_status":"closed","ping_status":"closed","template":"","meta":{"_monsterinsights_skip_tracking":false,"_monsterinsights_sitenote_active":false,"_monsterinsights_sitenote_note":"","_monsterinsights_sitenote_category":0,"_uf_show_specific_survey":0,"_uf_disable_surveys":false,"footnotes":""},"class_list":["post-144","page","type-page","status-publish","has-post-thumbnail","hentry"],"aioseo_notices":[],"_links":{"self":[{"href":"https:\/\/juventudeemtransicao.pt\/index.php\/wp-json\/wp\/v2\/pages\/144","targetHints":{"allow":["GET"]}}],"collection":[{"href":"https:\/\/juventudeemtransicao.pt\/index.php\/wp-json\/wp\/v2\/pages"}],"about":[{"href":"https:\/\/juventudeemtransicao.pt\/index.php\/wp-json\/wp\/v2\/types\/page"}],"author":[{"embeddable":true,"href":"https:\/\/juventudeemtransicao.pt\/index.php\/wp-json\/wp\/v2\/users\/1"}],"replies":[{"embeddable":true,"href":"https:\/\/juventudeemtransicao.pt\/index.php\/wp-json\/wp\/v2\/comments?post=144"}],"version-history":[{"count":107,"href":"https:\/\/juventudeemtransicao.pt\/index.php\/wp-json\/wp\/v2\/pages\/144\/revisions"}],"predecessor-version":[{"id":956,"href":"https:\/\/juventudeemtransicao.pt\/index.php\/wp-json\/wp\/v2\/pages\/144\/revisions\/956"}],"wp:featuredmedia":[{"embeddable":true,"href":"https:\/\/juventudeemtransicao.pt\/index.php\/wp-json\/wp\/v2\/media\/766"}],"wp:attachment":[{"href":"https:\/\/juventudeemtransicao.pt\/index.php\/wp-json\/wp\/v2\/media?parent=144"}],"curies":[{"name":"wp","href":"https:\/\/api.w.org\/{rel}","templated":true}]}}